{"id":15351,"date":"2025-07-04T09:01:12","date_gmt":"2025-07-04T09:01:12","guid":{"rendered":"https:\/\/jamalatamniy.com\/?page_id=15351"},"modified":"2025-07-04T09:01:12","modified_gmt":"2025-07-04T09:01:12","slug":"datenschutz","status":"publish","type":"page","link":"https:\/\/jamalatamniy.com\/?page_id=15351","title":{"rendered":"Datenschutz"},"content":{"rendered":"<body><div class=\"fusion-fullwidth fullwidth-box fusion-builder-row-1 nonhundred-percent-fullwidth non-hundred-percent-height-scrolling\" style=\"--awb-border-radius-top-left:0px;--awb-border-radius-top-right:0px;--awb-border-radius-bottom-right:0px;--awb-border-radius-bottom-left:0px;--awb-padding-top:60px;--awb-padding-bottom:80px;--awb-background-color:#f7f7f7;--awb-flex-wrap:wrap;\" ><div class=\"fusion-builder-row fusion-row\"><div class=\"fusion-layout-column fusion_builder_column fusion-builder-column-0 fusion_builder_column_1_1 1_1 fusion-one-full fusion-column-first fusion-column-last\" style=\"--awb-bg-blend:overlay;--awb-bg-size:cover;--awb-margin-top:2%;--awb-margin-bottom:2%;\"><div class=\"fusion-column-wrapper fusion-flex-column-wrapper-legacy\"><div class=\"fusion-text fusion-text-1\"><h2>\u0633\u064a\u0627\u0633\u0629 \u0627\u0644\u062e\u0635\u0648\u0635\u064a\u0629<\/h2>\n<\/div><div class=\"fusion-sep-clear\"><\/div><div class=\"fusion-separator fusion-clearfix\" style=\"float:left;margin-bottom:35px;width:100%;max-width:100px;\"><div class=\"fusion-separator-border sep-single sep-solid\" style=\"--awb-height:20px;--awb-amount:20px;--awb-sep-color:#6487c2;border-color:#6487c2;border-top-width:2px;\"><\/div><\/div><div class=\"fusion-sep-clear\"><\/div><div class=\"fusion-text fusion-text-2\"><p style=\"font-size: 22px;\" data-fusion-font=\"true\"><span style=\"background-color: rgba(0, 0, 0, 0);\">\u062a\u0627\u0631\u064a\u062e \u0627\u0644\u062a\u062d\u062f\u064a\u062b: 04.06.2025<\/span><\/p>\n<p style=\"font-size: 22px;\" data-fusion-font=\"true\">\u0647\u0630\u0627 \u0627\u0644\u0645\u0648\u0642\u0639 (jamalatamniy.com) \u0647\u0648 \u0646\u0637\u0627\u0642 \u062b\u0627\u0646\u0648\u064a \u0645\u062e\u0635\u0635 \u0644\u0646\u0634\u0631 \u0645\u0642\u0627\u0644\u0627\u062a \u0628\u0627\u0644\u0644\u063a\u0629 \u0627\u0644\u0639\u0631\u0628\u064a\u0629 \u062a\u0627\u0628\u0639 \u0644\u0644\u0645\u0648\u0642\u0639 \u0627\u0644\u0631\u0626\u064a\u0633\u064a augenlasern-wien.at \u0627\u0644\u062e\u0627\u0635 \u0628\u0627\u0644\u062f\u0643\u062a\u0648\u0631 \u062c\u0645\u0627\u0644 \u0627\u0644\u062a\u0645\u0646\u064a.<\/p>\n<p style=\"font-size: 22px;\" data-fusion-font=\"true\">\u062d\u0645\u0627\u064a\u0629 \u0627\u0644\u0628\u064a\u0627\u0646\u0627\u062a \u0627\u0644\u0634\u062e\u0635\u064a\u0629<\/p>\n<p style=\"font-size: 22px;\" data-fusion-font=\"true\">\u0646\u0648\u0644\u064a \u0623\u0647\u0645\u064a\u0629 \u062e\u0627\u0635\u0629 \u0644\u062d\u0645\u0627\u064a\u0629 \u0628\u064a\u0627\u0646\u0627\u062a\u0643\u0645 \u0627\u0644\u0634\u062e\u0635\u064a\u0629\u060c \u0648\u0644\u0630\u0644\u0643 \u0646\u0642\u0648\u0645 \u0628\u0645\u0639\u0627\u0644\u062c\u0629 \u0628\u064a\u0627\u0646\u0627\u062a\u0643\u0645 \u0648\u0641\u0642\u064b\u0627 \u0644\u0644\u0642\u0648\u0627\u0646\u064a\u0646 \u0648\u0627\u0644\u0644\u0648\u0627\u0626\u062d \u0627\u0644\u0645\u0639\u0645\u0648\u0644 \u0628\u0647\u0627 (\u0627\u0644\u0644\u0627\u0626\u062d\u0629 \u0627\u0644\u0639\u0627\u0645\u0629 \u0644\u062d\u0645\u0627\u064a\u0629 \u0627\u0644\u0628\u064a\u0627\u0646\u0627\u062a DSGVO \u0648\u0627\u0644\u0642\u0627\u0646\u0648\u0646 \u0627\u0644\u0646\u0645\u0633\u0627\u0648\u064a \u0644\u0644\u0627\u062a\u0635\u0627\u0644\u0627\u062a TKG 2003).<\/p>\n<p style=\"font-size: 22px;\" data-fusion-font=\"true\">\u0627\u0633\u062a\u062e\u062f\u0627\u0645 \u0627\u0644\u0628\u064a\u0627\u0646\u0627\u062a \u0627\u0644\u0634\u062e\u0635\u064a\u0629<\/p>\n<p style=\"font-size: 22px;\" data-fusion-font=\"true\">\u0646\u0642\u0648\u0645 \u0628\u062c\u0645\u0639 \u0648\u0645\u0639\u0627\u0644\u062c\u0629 \u0627\u0644\u0628\u064a\u0627\u0646\u0627\u062a \u0627\u0644\u0634\u062e\u0635\u064a\u0629 \u0627\u0644\u062a\u064a \u062a\u0642\u062f\u0645\u0648\u0646\u0647\u0627 \u0637\u0648\u0627\u0639\u064a\u0629\u064b\u060c \u0645\u062b\u0644 \u0627\u0644\u0627\u0633\u0645 \u0648\u0627\u0644\u0639\u0646\u0648\u0627\u0646 \u0648\u0627\u0644\u0628\u0631\u064a\u062f \u0627\u0644\u0625\u0644\u0643\u062a\u0631\u0648\u0646\u064a \u0648\u0631\u0642\u0645 \u0627\u0644\u0647\u0627\u062a\u0641\u060c \u0641\u0642\u0637 \u0628\u063a\u0631\u0636 \u0627\u0644\u0631\u062f \u0639\u0644\u0649 \u0627\u0633\u062a\u0641\u0633\u0627\u0631\u0627\u062a\u0643\u0645 \u0648\u062a\u0642\u062f\u064a\u0645 \u062e\u062f\u0645\u0629 \u0623\u0641\u0636\u0644 \u0644\u0643\u0645. \u0646\u062d\u062a\u0641\u0638 \u0628\u0627\u0644\u062d\u0642 \u0641\u064a \u0627\u0633\u062a\u062e\u062f\u0627\u0645 \u0623\u0648 \u0627\u0644\u0643\u0634\u0641 \u0639\u0646 \u0647\u0630\u0647 \u0627\u0644\u0628\u064a\u0627\u0646\u0627\u062a \u0644\u0644\u0627\u0645\u062a\u062b\u0627\u0644 \u0644\u0644\u0642\u0648\u0627\u0646\u064a\u0646 \u0623\u0648 \u0627\u0644\u062a\u062d\u0642\u064a\u0642 \u0641\u064a \u0627\u0644\u0645\u062e\u0627\u0644\u0641\u0627\u062a \u0623\u0648 \u062d\u0645\u0627\u064a\u0629 \u0633\u0644\u0627\u0645\u0629 \u0627\u0644\u0645\u0648\u0642\u0639.<\/p>\n<p style=\"font-size: 22px;\" data-fusion-font=\"true\">\u0627\u0644\u062a\u0648\u0627\u0635\u0644 \u0645\u0639\u0646\u0627<\/p>\n<p style=\"font-size: 22px;\" data-fusion-font=\"true\">\u0639\u0646\u062f \u0627\u0644\u062a\u0648\u0627\u0635\u0644 \u0645\u0639\u0646\u0627 \u0639\u0628\u0631 \u0627\u0644\u0628\u0631\u064a\u062f \u0627\u0644\u0625\u0644\u0643\u062a\u0631\u0648\u0646\u064a\u060c \u0633\u064a\u062a\u0645 \u062d\u0641\u0638 \u0628\u064a\u0627\u0646\u0627\u062a\u0643\u0645 \u0644\u063a\u0631\u0636 \u0645\u0639\u0627\u0644\u062c\u0629 \u0627\u0644\u0627\u0633\u062a\u0641\u0633\u0627\u0631 \u0648\u0627\u0644\u062a\u0648\u0627\u0635\u0644 \u0645\u0639\u0643\u0645 \u0641\u064a \u062d\u0627\u0644 \u0648\u062c\u0648\u062f \u0623\u0633\u0626\u0644\u0629 \u0644\u0627\u062d\u0642\u0629. \u0644\u0627 \u0646\u0634\u0627\u0631\u0643 \u0647\u0630\u0647 \u0627\u0644\u0628\u064a\u0627\u0646\u0627\u062a \u0645\u0639 \u0623\u064a \u0637\u0631\u0641 \u062b\u0627\u0644\u062b \u062f\u0648\u0646 \u0645\u0648\u0627\u0641\u0642\u062a\u0643\u0645. \u0625\u0630\u0627 \u0644\u0645 \u064a\u0646\u062a\u062c \u0639\u0646 \u0627\u0644\u062a\u0648\u0627\u0635\u0644 \u0639\u0644\u0627\u0642\u0629 \u0639\u0645\u0644\u060c \u0633\u064a\u062a\u0645 \u062d\u0630\u0641 \u0623\u0648 \u0625\u062e\u0641\u0627\u0621 \u0647\u0648\u064a\u0629 \u0628\u064a\u0627\u0646\u0627\u062a\u0643\u0645 \u0628\u0639\u062f \u0645\u0631\u0648\u0631 \u0639\u0627\u0645.<\/p>\n<p style=\"font-size: 22px;\" data-fusion-font=\"true\">\u0646\u0646\u0648\u0647 \u0628\u0623\u0646 \u0627\u0644\u062a\u0648\u0627\u0635\u0644 \u0639\u0628\u0631 \u0627\u0644\u0628\u0631\u064a\u062f \u0627\u0644\u0625\u0644\u0643\u062a\u0631\u0648\u0646\u064a \u0642\u062f \u0644\u0627 \u064a\u0643\u0648\u0646 \u0622\u0645\u0646\u064b\u0627 \u062a\u0645\u0627\u0645\u064b\u0627.<\/p>\n<p style=\"font-size: 22px;\" data-fusion-font=\"true\">\u0632\u064a\u0627\u0631\u0629 \u0645\u0648\u0642\u0639\u0646\u0627 \u0627\u0644\u0625\u0644\u0643\u062a\u0631\u0648\u0646\u064a \u2013 Google Analytics<\/p>\n<p style=\"font-size: 22px;\" data-fusion-font=\"true\">\u0646\u0633\u062a\u062e\u062f\u0645 \u062e\u062f\u0645\u0629 \u062a\u062d\u0644\u064a\u0644\u0627\u062a \u0627\u0644\u0648\u064a\u0628 Google Analytics \u0645\u0639 \u062a\u0641\u0639\u064a\u0644 \u062e\u0627\u0635\u064a\u0629 \u0625\u062e\u0641\u0627\u0621 \u0639\u0646\u0648\u0627\u0646 IP\u060c \u0648\u0627\u0644\u062a\u064a \u062a\u0642\u0648\u0645 \u0628\u062c\u0645\u0639 \u0628\u064a\u0627\u0646\u0627\u062a \u0645\u062c\u0647\u0648\u0644\u0629 \u0627\u0644\u0645\u0635\u062f\u0631 \u062d\u0648\u0644 \u0632\u064a\u0627\u0631\u062a\u0643\u0645 \u0644\u0644\u0645\u0648\u0642\u0639 \u0644\u063a\u0631\u0636 \u062a\u062d\u0633\u064a\u0646 \u062a\u062c\u0631\u0628\u0629 \u0627\u0644\u0645\u0633\u062a\u062e\u062f\u0645. \u0628\u0625\u0645\u0643\u0627\u0646\u0643\u0645 \u062a\u0639\u0637\u064a\u0644 \u062e\u0627\u0635\u064a\u0629 \u0627\u0644\u0643\u0648\u0643\u064a\u0632 \u0645\u0646 \u062e\u0644\u0627\u0644 \u0625\u0639\u062f\u0627\u062f\u0627\u062a \u0645\u062a\u0635\u0641\u062d\u0643\u0645 \u0623\u0648 \u062a\u062b\u0628\u064a\u062a \u0627\u0644\u0645\u0643\u0648\u0651\u0646 \u0627\u0644\u0625\u0636\u0627\u0641\u064a \u0645\u0646 \u062c\u0648\u062c\u0644 \u0639\u0628\u0631 \u0627\u0644\u0631\u0627\u0628\u0637 \u0627\u0644\u062a\u0627\u0644\u064a:<\/p>\n<p style=\"font-size: 22px;\" data-fusion-font=\"true\">tools.google.com\/dlpage\/gaoptout<\/p>\n<p style=\"font-size: 22px;\" data-fusion-font=\"true\">\u0627\u0644\u0643\u0648\u0643\u064a\u0632 (\u0645\u0644\u0641\u0627\u062a \u062a\u0639\u0631\u064a\u0641 \u0627\u0644\u0627\u0631\u062a\u0628\u0627\u0637)<\/p>\n<p style=\"font-size: 22px;\" data-fusion-font=\"true\">\u0646\u0633\u062a\u062e\u062f\u0645 \u0645\u0644\u0641\u0627\u062a \u062a\u0639\u0631\u064a\u0641 \u0627\u0644\u0627\u0631\u062a\u0628\u0627\u0637 \u0644\u062a\u062d\u0633\u064a\u0646 \u062a\u062c\u0631\u0628\u062a\u0643\u0645 \u0639\u0644\u0649 \u0645\u0648\u0642\u0639\u0646\u0627. \u064a\u0645\u0643\u0646\u0643\u0645 \u0636\u0628\u0637 \u0625\u0639\u062f\u0627\u062f\u0627\u062a \u0627\u0644\u0645\u062a\u0635\u0641\u062d \u0644\u062f\u064a\u0643\u0645 \u0644\u0644\u062a\u062d\u0643\u0645 \u0641\u064a \u0627\u0633\u062a\u062e\u062f\u0627\u0645 \u0645\u0644\u0641\u0627\u062a \u062a\u0639\u0631\u064a\u0641 \u0627\u0644\u0627\u0631\u062a\u0628\u0627\u0637.<\/p>\n<p style=\"font-size: 22px;\" data-fusion-font=\"true\">\u0631\u0648\u0627\u0628\u0637 \u0648\u0645\u062d\u062a\u0648\u0649 \u0627\u0644\u0623\u0637\u0631\u0627\u0641 \u0627\u0644\u062b\u0627\u0644\u062b\u0629<\/p>\n<p style=\"font-size: 22px;\" data-fusion-font=\"true\">\u0642\u062f \u064a\u062d\u062a\u0648\u064a \u0645\u0648\u0642\u0639\u0646\u0627 \u0639\u0644\u0649 \u0631\u0648\u0627\u0628\u0637 \u0623\u0648 \u0645\u062d\u062a\u0648\u064a\u0627\u062a \u0645\u0646 \u0645\u0648\u0627\u0642\u0639 \u0623\u062e\u0631\u0649 (\u0645\u062b\u0644 YouTube \u0623\u0648 Google Maps). \u0644\u0627 \u0646\u062a\u062d\u0645\u0644 \u0645\u0633\u0624\u0648\u0644\u064a\u0629 \u0645\u0645\u0627\u0631\u0633\u0627\u062a \u0627\u0644\u062e\u0635\u0648\u0635\u064a\u0629 \u0644\u0647\u0630\u0647 \u0627\u0644\u0645\u0648\u0627\u0642\u0639\u060c \u0648\u0646\u062f\u0639\u0648\u0643\u0645 \u0644\u0644\u0627\u0637\u0644\u0627\u0639 \u0639\u0644\u0649 \u0633\u064a\u0627\u0633\u0627\u062a \u0627\u0644\u062e\u0635\u0648\u0635\u064a\u0629 \u0627\u0644\u062e\u0627\u0635\u0629 \u0628\u0647\u0627.<\/p>\n<p style=\"font-size: 22px;\" data-fusion-font=\"true\">\u0627\u0644\u0623\u0637\u0641\u0627\u0644<\/p>\n<p style=\"font-size: 22px;\" data-fusion-font=\"true\">\u0644\u0627 \u0646\u0637\u0644\u0628 \u0623\u0648 \u0646\u062c\u0645\u0639 \u0628\u064a\u0627\u0646\u0627\u062a \u0634\u062e\u0635\u064a\u0629 \u0645\u0646 \u0627\u0644\u0623\u0634\u062e\u0627\u0635 \u0627\u0644\u0630\u064a\u0646 \u062a\u0642\u0644 \u0623\u0639\u0645\u0627\u0631\u0647\u0645 \u0639\u0646 18 \u0639\u0627\u0645\u064b\u0627 \u0628\u062f\u0648\u0646 \u0645\u0648\u0627\u0641\u0642\u0629 \u0648\u0644\u064a \u0627\u0644\u0623\u0645\u0631.<\/p>\n<p style=\"font-size: 22px;\" data-fusion-font=\"true\">\u062d\u0642\u0648\u0642\u0643\u0645<\/p>\n<p style=\"font-size: 22px;\" data-fusion-font=\"true\">\u0644\u062f\u064a\u0643\u0645 \u0627\u0644\u062d\u0642 \u0641\u064a \u0627\u0644\u0648\u0635\u0648\u0644 \u0625\u0644\u0649 \u0628\u064a\u0627\u0646\u0627\u062a\u0643\u0645 \u0627\u0644\u0634\u062e\u0635\u064a\u0629 \u0648\u062a\u0635\u062d\u064a\u062d\u0647\u0627 \u0623\u0648 \u062d\u0630\u0641\u0647\u0627 \u0623\u0648 \u0627\u0644\u0627\u0639\u062a\u0631\u0627\u0636 \u0639\u0644\u0649 \u0645\u0639\u0627\u0644\u062c\u062a\u0647\u0627 \u0623\u0648 \u0646\u0642\u0644\u0647\u0627. \u0625\u0630\u0627 \u0627\u0639\u062a\u0642\u062f\u062a\u0645 \u0623\u0646 \u0645\u0639\u0627\u0644\u062c\u062a\u0646\u0627 \u0644\u0628\u064a\u0627\u0646\u0627\u062a\u0643\u0645 \u062a\u0646\u062a\u0647\u0643 \u0642\u0648\u0627\u0646\u064a\u0646 \u062d\u0645\u0627\u064a\u0629 \u0627\u0644\u0628\u064a\u0627\u0646\u0627\u062a\u060c \u064a\u0645\u0643\u0646\u0643\u0645 \u062a\u0642\u062f\u064a\u0645 \u0634\u0643\u0648\u0649 \u0625\u0644\u0649 \u0627\u0644\u0633\u0644\u0637\u0629 \u0627\u0644\u0646\u0645\u0633\u0627\u0648\u064a\u0629 \u0627\u0644\u0645\u062e\u062a\u0635\u0629 (\u0647\u064a\u0626\u0629 \u062d\u0645\u0627\u064a\u0629 \u0627\u0644\u0628\u064a\u0627\u0646\u0627\u062a Datenschutzbeh\u00f6rde).<\/p>\n<p style=\"font-size: 22px;\" data-fusion-font=\"true\">\u0627\u0644\u062a\u0648\u0627\u0635\u0644 \u0645\u0639 \u0627\u0644\u0645\u0633\u0624\u0648\u0644 \u0639\u0646 \u0627\u0644\u0628\u064a\u0627\u0646\u0627\u062a<\/p>\n<p style=\"font-size: 22px;\" data-fusion-font=\"true\">\u0644\u0644\u062a\u062d\u062f\u064a\u062b \u0623\u0648 \u0627\u0644\u062a\u0639\u062f\u064a\u0644 \u0623\u0648 \u062d\u0630\u0641 \u0628\u064a\u0627\u0646\u0627\u062a\u0643\u0645 \u0627\u0644\u0634\u062e\u0635\u064a\u0629\u060c \u064a\u0631\u062c\u0649 \u0627\u0644\u062a\u0648\u0627\u0635\u0644 \u0645\u0639 \u0627\u0644\u0645\u0648\u0642\u0639 \u0627\u0644\u0631\u0626\u064a\u0633\u064a:<\/p>\n<p style=\"font-size: 22px;\" data-fusion-font=\"true\">\u0639\u064a\u0627\u062f\u0629 Augenlasern Wien \u2013 \u0627\u0644\u062f\u0643\u062a\u0648\u0631 \u062c\u0645\u0627\u0644 \u0627\u0644\u062a\u0645\u0646\u064a\u0627\u0644\u0628\u0631\u064a\u062f \u0627\u0644\u0625\u0644\u0643\u062a\u0631\u0648\u0646\u064a: office@augenlasern-wien.at<\/p>\n<p style=\"font-size: 22px;\" data-fusion-font=\"true\">\u0627\u0633\u062a\u062e\u062f\u0627\u0645 \u0645\u0642\u0627\u0648\u0644\u064a\u0646 \u0645\u0646 \u0627\u0644\u0628\u0627\u0637\u0646<\/p>\n<p style=\"font-size: 22px;\" data-fusion-font=\"true\">\u0641\u064a \u062d\u0627\u0644 \u0627\u0633\u062a\u062e\u062f\u0627\u0645 \u0645\u0642\u0627\u0648\u0644\u064a\u0646 \u0645\u0646 \u0627\u0644\u0628\u0627\u0637\u0646 \u0623\u0648 \u0623\u0637\u0631\u0627\u0641 \u062b\u0627\u0644\u062b\u0629 \u0644\u062a\u0646\u0641\u064a\u0630 \u0645\u0647\u0627\u0645\u0646\u0627\u060c \u0633\u064a\u062a\u0645 \u0630\u0644\u0643 \u0648\u0641\u0642\u064b\u0627 \u0644\u0623\u062d\u0643\u0627\u0645 \u0627\u0644\u0645\u0627\u062f\u0629 28 \u0645\u0646 \u0627\u0644\u0644\u0627\u0626\u062d\u0629 \u0627\u0644\u0639\u0627\u0645\u0629 \u0644\u062d\u0645\u0627\u064a\u0629 \u0627\u0644\u0628\u064a\u0627\u0646\u0627\u062a DSGVO.<\/p>\n<p>\u2014\u2014\u2014\u2014\u2014\u2014\u2014\u2014\u2014\u2014\u2014\u2014\u2014\u2014\u2014\u2014\u2014\u2014\u2014\u2014\u2014\u2014\u2014\u2014\u2014\u2014\u2014\u2014\u2014\u2014\u2014\u2014\u2014\u2014\u2014-<\/p>\n<\/div><div class=\"fusion-clearfix\"><\/div><\/div><\/div><div class=\"fusion-layout-column fusion_builder_column fusion-builder-column-1 fusion_builder_column_1_1 1_1 fusion-one-full fusion-column-first fusion-column-last\" style=\"--awb-bg-blend:overlay;--awb-bg-size:cover;--awb-margin-top:2%;--awb-margin-bottom:2%;\"><div class=\"fusion-column-wrapper fusion-flex-column-wrapper-legacy\"><div class=\"fusion-text fusion-text-3\"><h2 style=\"text-align: left;\">Datenschutzerkl\u00e4rung<\/h2>\n<\/div><div class=\"fusion-sep-clear\"><\/div><div class=\"fusion-separator fusion-clearfix\" style=\"float:left;margin-bottom:35px;width:100%;max-width:100px;\"><div class=\"fusion-separator-border sep-single sep-solid\" style=\"--awb-height:20px;--awb-amount:20px;--awb-sep-color:#6487c2;border-color:#6487c2;border-top-width:2px;\"><\/div><\/div><div class=\"fusion-sep-clear\"><\/div><div class=\"fusion-text fusion-text-4\"><p style=\"text-align: left; font-size: 22px;\" data-fusion-font=\"true\">\n<p style=\"text-align: left; font-size: 22px;\" data-fusion-font=\"true\">Stand 04.07.2025<\/p>\n<p style=\"text-align: left; font-size: 22px;\" data-fusion-font=\"true\">Der Schutz Ihrer pers\u00f6nlichen Daten ist uns ein besonderes Anliegen. Wir verarbeiten Ihre Daten daher ausschlie\u00dflich auf Grundlage der gesetzlichen Bestimmungen (DSGVO, TKG 2003). In diesen Datenschutzinformationen informieren wir Sie \u00fcber die wichtigsten Aspekte der Datenverarbeitung im Rahmen der Nutzung unserer Webseite jamalatamniy.com.<\/p>\n<p style=\"text-align: left; font-size: 22px;\" data-fusion-font=\"true\">Hinweis zur Nutzung der Webseite jamalatamniy.com<\/p>\n<p style=\"text-align: left; font-size: 22px;\" data-fusion-font=\"true\">Die Webseite jamalatamniy.com ist eine sekund\u00e4re Domain, die ausschlie\u00dflich zur Ver\u00f6ffentlichung arabischsprachiger Artikel dient. S\u00e4mtliche Kontaktanfragen, Datenverarbeitungen und Gesch\u00e4ftsbeziehungen erfolgen \u00fcber die Hauptdomain augenlasern-wien.at, vertreten durch Dr. Jamal Atamniy.<\/p>\n<p style=\"text-align: left; font-size: 22px;\" data-fusion-font=\"true\">Verwendung personenbezogener Daten<\/p>\n<p style=\"text-align: left; font-size: 22px;\" data-fusion-font=\"true\">Wir sammeln personenbezogene Daten, wie Namen, Adressen, E-Mail-Adressen, Telefonnummer etc. nur dann, wenn diese von Nutzern freiwillig angegeben werden, um Informationen zu erhalten oder Anfragen zu stellen. Personenbezogene Daten werden ausschlie\u00dflich von uns und nicht von Dritten verwendet, au\u00dfer wenn dies zur Bearbeitung Ihrer Anfrage notwendig ist oder gesetzlich vorgeschrieben wird.<\/p>\n<p style=\"text-align: left; font-size: 22px;\" data-fusion-font=\"true\">Kontaktaufnahme<\/p>\n<p style=\"text-align: left; font-size: 22px;\" data-fusion-font=\"true\">Wenn Sie per E-Mail Kontakt mit uns aufnehmen, werden Ihre angegebenen Daten zur Bearbeitung der Anfrage und f\u00fcr m\u00f6gliche Anschlussfragen gespeichert. Diese Daten geben wir nicht ohne Ihre Einwilligung weiter. Ergibt sich keine Gesch\u00e4ftsbeziehung, werden alle personenbezogenen Daten nach einer Frist von einem Jahr gel\u00f6scht oder anonymisiert.<\/p>\n<p style=\"text-align: left; font-size: 22px;\" data-fusion-font=\"true\">Google Analytics<\/p>\n<p style=\"text-align: left; font-size: 22px;\" data-fusion-font=\"true\">Diese Webseite nutzt Google Analytics, einen Webanalysedienst von Google Inc. (\u201eGoogle\u201c), mit aktivierter IP-Anonymisierung. Google verwendet Cookies, um Informationen \u00fcber die Nutzung der Webseite durch Nutzer zu sammeln und auszuwerten. Nutzer k\u00f6nnen die Speicherung von Cookies und die Datenerfassung durch Google Analytics durch entsprechende Browsereinstellungen oder durch das Browser-Plugin unter folgendem Link verhindern: tools.google.com\/dlpage\/gaoptout.<\/p>\n<p style=\"text-align: left; font-size: 22px;\" data-fusion-font=\"true\">Cookies<\/p>\n<p style=\"text-align: left; font-size: 22px;\" data-fusion-font=\"true\">Unsere Webseite verwendet Cookies, um unser Angebot nutzerfreundlicher zu gestalten. Cookies bleiben auf Ihrem Ger\u00e4t gespeichert, bis Sie diese l\u00f6schen. Sie k\u00f6nnen Ihren Browser so einstellen, dass Cookies nur im Einzelfall erlaubt oder ganz deaktiviert werden. Die Deaktivierung von Cookies kann die Funktionalit\u00e4t unserer Webseite einschr\u00e4nken.<\/p>\n<p style=\"text-align: left; font-size: 22px;\" data-fusion-font=\"true\">Links zu anderen Webseiten und Drittanbieter-Inhalte<\/p>\n<p style=\"text-align: left; font-size: 22px;\" data-fusion-font=\"true\">Diese Webseite enth\u00e4lt Links zu anderen Webseiten sowie Inhalte von Drittanbietern (z.B. YouTube-Videos, Google Maps). Wir haben keinen Einfluss darauf, ob diese Anbieter die Datenschutzbestimmungen einhalten. Wir bem\u00fchen uns jedoch, ausschlie\u00dflich Inhalte einzubinden, bei denen die IP-Adresse nur zur Bereitstellung der Inhalte verwendet wird.<\/p>\n<p style=\"text-align: left; font-size: 22px;\" data-fusion-font=\"true\">Kinder<\/p>\n<p style=\"text-align: left; font-size: 22px;\" data-fusion-font=\"true\">Personen unter 18 Jahren sollten ohne Zustimmung ihrer Eltern oder Erziehungsberechtigten keine personenbezogenen Daten an uns \u00fcbermitteln. Wir sammeln keine personenbezogenen Daten von Minderj\u00e4hrigen.<\/p>\n<p style=\"text-align: left; font-size: 22px;\" data-fusion-font=\"true\">Ihre Rechte<\/p>\n<p style=\"text-align: left; font-size: 22px;\" data-fusion-font=\"true\">Sie haben das Recht auf Auskunft, Berichtigung, L\u00f6schung, Einschr\u00e4nkung, Daten\u00fcbertragbarkeit sowie Widerspruch gegen die Verarbeitung Ihrer personenbezogenen Daten. Wenn Sie glauben, dass die Verarbeitung Ihrer Daten gegen das Datenschutzrecht verst\u00f6\u00dft, k\u00f6nnen Sie bei der \u00f6sterreichischen Datenschutzbeh\u00f6rde Beschwerde einlegen.<\/p>\n<p style=\"text-align: left; font-size: 22px;\" data-fusion-font=\"true\">Kontaktinformationen<\/p>\n<p style=\"text-align: left; font-size: 22px;\" data-fusion-font=\"true\">Verantwortliche Stelle f\u00fcr die Verarbeitung personenbezogener Daten ist:<\/p>\n<p style=\"text-align: left; font-size: 22px;\" data-fusion-font=\"true\">Augenlasern Wien<\/p>\n<p style=\"text-align: left; font-size: 22px;\" data-fusion-font=\"true\">Dr. Jamal Atamniy<\/p>\n<p style=\"text-align: left; font-size: 22px;\" data-fusion-font=\"true\">E-Mail: office@augenlasern-wien.at<\/p>\n<p style=\"text-align: left; font-size: 22px;\" data-fusion-font=\"true\">Bitte richten Sie alle datenschutzrechtlichen Anliegen an diese Kontaktadresse.<\/p>\n<p style=\"text-align: left; font-size: 22px;\" data-fusion-font=\"true\">Diese Datenschutzerkl\u00e4rung gilt ausschlie\u00dflich f\u00fcr die Webseite jamalatamniy.com als sekund\u00e4re Domain und verweist f\u00fcr alle datenschutzrechtlichen Anliegen und Kontaktaufnahmen auf die Hauptdomain augenlasern-wien.at.<\/p>\n<\/div><div class=\"fusion-clearfix\"><\/div><\/div><\/div><\/div><\/div>\n<\/p><\/body>","protected":false},"excerpt":{"rendered":"","protected":false},"author":1,"featured_media":0,"parent":0,"menu_order":0,"comment_status":"closed","ping_status":"closed","template":"100-width.php","meta":{"om_disable_all_campaigns":false,"_monsterinsights_skip_tracking":false,"_monsterinsights_sitenote_active":false,"_monsterinsights_sitenote_note":"","_monsterinsights_sitenote_category":0,"footnotes":""},"class_list":["post-15351","page","type-page","status-publish","hentry"],"aioseo_notices":[],"jetpack_shortlink":"https:\/\/wp.me\/PdbHTI-3ZB","jetpack_sharing_enabled":true,"_links":{"self":[{"href":"https:\/\/jamalatamniy.com\/index.php?rest_route=\/wp\/v2\/pages\/15351","targetHints":{"allow":["GET"]}}],"collection":[{"href":"https:\/\/jamalatamniy.com\/index.php?rest_route=\/wp\/v2\/pages"}],"about":[{"href":"https:\/\/jamalatamniy.com\/index.php?rest_route=\/wp\/v2\/types\/page"}],"author":[{"embeddable":true,"href":"https:\/\/jamalatamniy.com\/index.php?rest_route=\/wp\/v2\/users\/1"}],"replies":[{"embeddable":true,"href":"https:\/\/jamalatamniy.com\/index.php?rest_route=%2Fwp%2Fv2%2Fcomments&post=15351"}],"version-history":[{"count":3,"href":"https:\/\/jamalatamniy.com\/index.php?rest_route=\/wp\/v2\/pages\/15351\/revisions"}],"predecessor-version":[{"id":15358,"href":"https:\/\/jamalatamniy.com\/index.php?rest_route=\/wp\/v2\/pages\/15351\/revisions\/15358"}],"wp:attachment":[{"href":"https:\/\/jamalatamniy.com\/index.php?rest_route=%2Fwp%2Fv2%2Fmedia&parent=15351"}],"curies":[{"name":"wp","href":"https:\/\/api.w.org\/{rel}","templated":true}]}}