{"id":15354,"date":"2025-07-04T09:01:09","date_gmt":"2025-07-04T09:01:09","guid":{"rendered":"https:\/\/jamalatamniy.com\/?page_id=15354"},"modified":"2025-07-04T09:01:09","modified_gmt":"2025-07-04T09:01:09","slug":"impressum","status":"publish","type":"page","link":"https:\/\/jamalatamniy.com\/?page_id=15354","title":{"rendered":"Impressum"},"content":{"rendered":"<body><div class=\"fusion-fullwidth fullwidth-box fusion-builder-row-1 nonhundred-percent-fullwidth non-hundred-percent-height-scrolling\" style=\"--awb-border-radius-top-left:0px;--awb-border-radius-top-right:0px;--awb-border-radius-bottom-right:0px;--awb-border-radius-bottom-left:0px;--awb-padding-top:60px;--awb-padding-bottom:80px;--awb-background-color:#f7f7f7;--awb-flex-wrap:wrap;\" ><div class=\"fusion-builder-row fusion-row\"><div class=\"fusion-layout-column fusion_builder_column fusion-builder-column-0 fusion_builder_column_1_1 1_1 fusion-one-full fusion-column-first fusion-column-last\" style=\"--awb-bg-blend:overlay;--awb-bg-size:cover;--awb-margin-top:2%;--awb-margin-bottom:2%;\"><div class=\"fusion-column-wrapper fusion-flex-column-wrapper-legacy\"><div class=\"fusion-text fusion-text-1\"><h2 style=\"text-align: left;\">Impressum<\/h2>\n<\/div><div class=\"fusion-sep-clear\"><\/div><div class=\"fusion-separator fusion-clearfix\" style=\"float:left;margin-bottom:35px;width:100%;max-width:100px;\"><div class=\"fusion-separator-border sep-single sep-solid\" style=\"--awb-height:20px;--awb-amount:20px;--awb-sep-color:#6487c2;border-color:#6487c2;border-top-width:2px;\"><\/div><\/div><div class=\"fusion-sep-clear\"><\/div><div class=\"fusion-text fusion-text-2\"><p style=\"text-align: left; font-size: 22px;\" data-fusion-font=\"true\">Dr. Jamal ATAMNIY<\/p>\n<p style=\"text-align: left; font-size: 22px;\" data-fusion-font=\"true\">Facharzt f\u00fcr Augenheilkunde und Optometrie<\/p>\n<p style=\"text-align: left; font-size: 22px;\" data-fusion-font=\"true\">J\u00f6rgerstra\u00dfe 10<\/p>\n<p style=\"text-align: left; font-size: 22px;\" data-fusion-font=\"true\">1180 Wien<\/p>\n<p style=\"text-align: left; font-size: 22px;\" data-fusion-font=\"true\">Tel: +43 664 99 034 611<\/p>\n<p style=\"text-align: left; font-size: 22px;\" data-fusion-font=\"true\">Mail: office@augenlasern-wien.at<\/p>\n<p style=\"text-align: left; font-size: 22px;\" data-fusion-font=\"true\">Web: www.augenspezialist-wien.at<\/p>\n<p style=\"text-align: left; font-size: 22px;\" data-fusion-font=\"true\">UID: ATU 51348901<\/p>\n<p style=\"text-align: left; font-size: 22px;\" data-fusion-font=\"true\">Dr. Atamniy Krankenanstalts- Errichtungs- und Betriebs- GmbH<\/p>\n<p style=\"text-align: left; font-size: 22px;\" data-fusion-font=\"true\">Zust\u00e4ndige Aufsichtsbeh\u00f6rde: \u00c4rztekammer Wien<\/p>\n<p style=\"text-align: left; font-size: 22px;\" data-fusion-font=\"true\">Eintrag \u00c4rztekammer Wien: Dr. Jamal Atamniy<\/p>\n<p style=\"text-align: left; font-size: 22px;\" data-fusion-font=\"true\">Offenlegung gem\u00e4\u00df \u00a7 25 Mediengesetz: Die Website dient als offizielles Informationsmedium zur Eigenpr\u00e4sentation sowie Vorstellung des Leistungsspektrums f\u00fcr Interessierte.<\/p>\n<p style=\"text-align: left; font-size: 22px;\" data-fusion-font=\"true\">Wir weisen darauf hin, dass die medizinischen Informationen auf dieser Website einen Besuch beim Arzt oder der n\u00e4chstgelegenen Ambulanz nicht ersetzen k\u00f6nnen.<\/p>\n<p style=\"text-align: left; font-size: 22px;\" data-fusion-font=\"true\">Nutzungsrechte: Bei Nutzung, Vervielf\u00e4ltigung oder Ver\u00f6ffentlichung von Texten und Fotos dieser Website in anderen Medien ist die Zustimmung der Medieninhaberin einzuholen.<\/p>\n<\/div><div class=\"fusion-clearfix\"><\/div><\/div><\/div><\/div><\/div>\n<\/p><\/body>","protected":false},"excerpt":{"rendered":"","protected":false},"author":1,"featured_media":0,"parent":0,"menu_order":0,"comment_status":"closed","ping_status":"closed","template":"100-width.php","meta":{"om_disable_all_campaigns":false,"_monsterinsights_skip_tracking":false,"_monsterinsights_sitenote_active":false,"_monsterinsights_sitenote_note":"","_monsterinsights_sitenote_category":0,"footnotes":""},"class_list":["post-15354","page","type-page","status-publish","hentry"],"aioseo_notices":[],"jetpack_shortlink":"https:\/\/wp.me\/PdbHTI-3ZE","jetpack_sharing_enabled":true,"_links":{"self":[{"href":"https:\/\/jamalatamniy.com\/index.php?rest_route=\/wp\/v2\/pages\/15354","targetHints":{"allow":["GET"]}}],"collection":[{"href":"https:\/\/jamalatamniy.com\/index.php?rest_route=\/wp\/v2\/pages"}],"about":[{"href":"https:\/\/jamalatamniy.com\/index.php?rest_route=\/wp\/v2\/types\/page"}],"author":[{"embeddable":true,"href":"https:\/\/jamalatamniy.com\/index.php?rest_route=\/wp\/v2\/users\/1"}],"replies":[{"embeddable":true,"href":"https:\/\/jamalatamniy.com\/index.php?rest_route=%2Fwp%2Fv2%2Fcomments&post=15354"}],"version-history":[{"count":3,"href":"https:\/\/jamalatamniy.com\/index.php?rest_route=\/wp\/v2\/pages\/15354\/revisions"}],"predecessor-version":[{"id":15357,"href":"https:\/\/jamalatamniy.com\/index.php?rest_route=\/wp\/v2\/pages\/15354\/revisions\/15357"}],"wp:attachment":[{"href":"https:\/\/jamalatamniy.com\/index.php?rest_route=%2Fwp%2Fv2%2Fmedia&parent=15354"}],"curies":[{"name":"wp","href":"https:\/\/api.w.org\/{rel}","templated":true}]}}